{"id":478,"date":"2023-08-06T08:31:41","date_gmt":"2023-08-06T08:31:41","guid":{"rendered":"https:\/\/vdusa.lt\/?page_id=478"},"modified":"2025-11-11T20:34:12","modified_gmt":"2025-11-11T20:34:12","slug":"studentu-parlamentas-2","status":"publish","type":"page","link":"https:\/\/vdusa.lt\/en\/studentu-parlamentas-2\/","title":{"rendered":"Members of the Student Parliament"},"content":{"rendered":"<div data-elementor-type=\"wp-page\" data-elementor-id=\"478\" class=\"elementor elementor-478\">\n\t\t\t\t\t\t<section class=\"elementor-section elementor-top-section elementor-element elementor-element-b6fa0b3 elementor-section-full_width elementor-section-stretched elementor-section-height-default elementor-section-height-default\" data-id=\"b6fa0b3\" data-element_type=\"section\" data-e-type=\"section\" data-settings=\"{&quot;stretch_section&quot;:&quot;section-stretched&quot;}\">\n\t\t\t\t\t\t<div class=\"elementor-container elementor-column-gap-no\">\n\t\t\t\t\t<div class=\"elementor-column elementor-col-100 elementor-top-column elementor-element elementor-element-b01cde5\" data-id=\"b01cde5\" data-element_type=\"column\" data-e-type=\"column\">\n\t\t\t<div class=\"elementor-widget-wrap elementor-element-populated\">\n\t\t\t\t\t\t<div class=\"elementor-element elementor-element-b760316 elementor-widget elementor-widget-shortcode\" data-id=\"b760316\" data-element_type=\"widget\" data-e-type=\"widget\" data-widget_type=\"shortcode.default\">\n\t\t\t\t<div class=\"elementor-widget-container\">\n\t\t\t\t\t\t\t<div class=\"elementor-shortcode\"><\/div>\n\t\t\t\t\t\t<\/div>\n\t\t\t\t<\/div>\n\t\t\t\t<div class=\"elementor-element elementor-element-bac2615 elementor-widget elementor-widget-spacer\" data-id=\"bac2615\" data-element_type=\"widget\" data-e-type=\"widget\" data-widget_type=\"spacer.default\">\n\t\t\t\t<div class=\"elementor-widget-container\">\n\t\t\t\t\t\t\t<div class=\"elementor-spacer\">\n\t\t\t<div class=\"elementor-spacer-inner\"><\/div>\n\t\t<\/div>\n\t\t\t\t\t\t<\/div>\n\t\t\t\t<\/div>\n\t\t\t\t\t<\/div>\n\t\t<\/div>\n\t\t\t\t\t<\/div>\n\t\t<\/section>\n\t\t\t\t<section class=\"elementor-section elementor-top-section elementor-element elementor-element-3554fec8 elementor-section-boxed elementor-section-height-default elementor-section-height-default\" data-id=\"3554fec8\" data-element_type=\"section\" data-e-type=\"section\">\n\t\t\t\t\t\t<div class=\"elementor-container elementor-column-gap-default\">\n\t\t\t\t\t<div class=\"elementor-column elementor-col-66 elementor-top-column elementor-element elementor-element-428b015a\" data-id=\"428b015a\" data-element_type=\"column\" data-e-type=\"column\">\n\t\t\t<div class=\"elementor-widget-wrap elementor-element-populated\">\n\t\t\t\t\t\t<div class=\"elementor-element elementor-element-0ea660a elementor-widget elementor-widget-heading\" data-id=\"0ea660a\" data-element_type=\"widget\" data-e-type=\"widget\" data-widget_type=\"heading.default\">\n\t\t\t\t<div class=\"elementor-widget-container\">\n\t\t\t\t\t<h2 class=\"elementor-heading-title elementor-size-default\">Student parliament<\/h2>\t\t\t\t<\/div>\n\t\t\t\t<\/div>\n\t\t\t\t<div class=\"elementor-element elementor-element-69d9198 elementor-widget elementor-widget-text-editor\" data-id=\"69d9198\" data-element_type=\"widget\" data-e-type=\"widget\" data-widget_type=\"text-editor.default\">\n\t\t\t\t<div class=\"elementor-widget-container\">\n\t\t\t\t\t\t\t\t\t<p style=\"font-size: 18px; text-transform: uppercase; font-weight: normal; color: #7c012c; font-family: 'PT Sans', sans-serif;\"><span style=\"color: #7c012c;\"><b>FACULTY OF ECONOMICS AND MANAGEMENT:<\/b><\/span><\/p>\n<ol style=\"color: #454545; font-family: 'PT Sans', sans-serif; font-size: 16px;\">\n<li><span style=\"color: #2d3748; font-family: -apple-system, BlinkMacSystemFont, 'Segoe UI', Roboto, Oxygen-Sans, Ubuntu, Cantarell, 'Helvetica Neue', sans-serif, 'Apple Color Emoji', 'Segoe UI Emoji', 'Segoe UI Symbol'; font-size: 17px;\">Kostas Gedrimas<\/span><\/li>\n<li><span style=\"color: #2d3748; font-family: -apple-system, BlinkMacSystemFont, 'Segoe UI', Roboto, Oxygen-Sans, Ubuntu, Cantarell, 'Helvetica Neue', sans-serif, 'Apple Color Emoji', 'Segoe UI Emoji', 'Segoe UI Symbol'; font-size: 17px;\">Erika Rudakaite<\/span><\/li>\n<li><span style=\"color: #2d3748; font-family: -apple-system, BlinkMacSystemFont, 'Segoe UI', Roboto, Oxygen-Sans, Ubuntu, Cantarell, 'Helvetica Neue', sans-serif, 'Apple Color Emoji', 'Segoe UI Emoji', 'Segoe UI Symbol'; font-size: 17px;\">Pavlo Zabrodotskyi<\/span>&nbsp;<\/li>\n<\/ol>\n<h3 style=\"font-size: 18px; text-transform: uppercase; font-weight: normal; color: #7c012c; font-family: 'PT Sans', sans-serif;\"><b>FACULTY OF NATURAL SCIENCES:<\/b><\/h3>\n<ol style=\"color: #454545; font-family: 'PT Sans', sans-serif; font-size: 16px;\">\n<li>Martyna Buklyt\u0117&nbsp;<\/li>\n<li><span style=\"color: #2d3748; font-family: -apple-system, BlinkMacSystemFont, 'Segoe UI', Roboto, Oxygen-Sans, Ubuntu, Cantarell, 'Helvetica Neue', sans-serif, 'Apple Color Emoji', 'Segoe UI Emoji', 'Segoe UI Symbol'; font-size: 17px;\">Armin Girlevich<\/span>&nbsp;<\/li>\n<\/ol>\n<h3 style=\"font-size: 18px; text-transform: uppercase; font-weight: normal; color: #7c012c; font-family: 'PT Sans', sans-serif;\"><b>FACULTY OF HUMANITIES:<\/b><\/h3>\n<ol style=\"color: #454545; font-family: 'PT Sans', sans-serif; font-size: 16px;\">\n<li><span style=\"color: #2d3748; font-family: -apple-system, BlinkMacSystemFont, 'Segoe UI', Roboto, Oxygen-Sans, Ubuntu, Cantarell, 'Helvetica Neue', sans-serif, 'Apple Color Emoji', 'Segoe UI Emoji', 'Segoe UI Symbol'; font-size: 17px;\">David Guzys<\/span><\/li>\n<li><span style=\"color: #2d3748; font-family: -apple-system, BlinkMacSystemFont, 'Segoe UI', Roboto, Oxygen-Sans, Ubuntu, Cantarell, 'Helvetica Neue', sans-serif, 'Apple Color Emoji', 'Segoe UI Emoji', 'Segoe UI Symbol'; font-size: 17px;\">Tomas Kizevicius<\/span><\/li>\n<li><span style=\"color: #2d3748; font-family: -apple-system, BlinkMacSystemFont, 'Segoe UI', Roboto, Oxygen-Sans, Ubuntu, Cantarell, 'Helvetica Neue', sans-serif, 'Apple Color Emoji', 'Segoe UI Emoji', 'Segoe UI Symbol'; font-size: 17px;\">Rugile Binisevi\u010di\u016bt\u0117<\/span><\/li>\n<li><span style=\"color: #2d3748; font-family: -apple-system, BlinkMacSystemFont, 'Segoe UI', Roboto, Oxygen-Sans, Ubuntu, Cantarell, 'Helvetica Neue', sans-serif, 'Apple Color Emoji', 'Segoe UI Emoji', 'Segoe UI Symbol'; font-size: 17px;\">Goda Kazlauskaite<\/span><\/li>\n<li><span style=\"color: #2d3748; font-family: -apple-system, BlinkMacSystemFont, 'Segoe UI', Roboto, Oxygen-Sans, Ubuntu, Cantarell, 'Helvetica Neue', sans-serif, 'Apple Color Emoji', 'Segoe UI Emoji', 'Segoe UI Symbol'; font-size: 17px;\">Augustus Augonis<\/span><\/li>\n<li><span style=\"color: #2d3748; font-family: -apple-system, BlinkMacSystemFont, 'Segoe UI', Roboto, Oxygen-Sans, Ubuntu, Cantarell, 'Helvetica Neue', sans-serif, 'Apple Color Emoji', 'Segoe UI Emoji', 'Segoe UI Symbol'; font-size: 17px;\">Beatrice Sutait\u0117<\/span><\/li>\n<li><span style=\"color: #2d3748; font-family: -apple-system, BlinkMacSystemFont, 'Segoe UI', Roboto, Oxygen-Sans, Ubuntu, Cantarell, 'Helvetica Neue', sans-serif, 'Apple Color Emoji', 'Segoe UI Emoji', 'Segoe UI Symbol'; font-size: 17px;\">Gabriele Janciauskait\u0117<\/span><\/li>\n<\/ol>\n<h3 style=\"font-size: 18px; text-transform: uppercase; font-weight: normal; color: #7c012c; font-family: 'PT Sans', sans-serif;\"><b>FACULTY OF INFORMATICS:<\/b><\/h3>\n<h3 style=\"font-size: 18px; text-transform: uppercase; font-weight: normal; color: #7c012c; font-family: 'PT Sans', sans-serif;\"><span style=\"color: #454545; font-size: 16px;\">&nbsp;<\/span><\/h3>\n<h3 style=\"font-size: 18px; text-transform: uppercase; font-weight: normal; color: #7c012c; font-family: 'PT Sans', sans-serif;\"><b>FACULTY OF CATHOLIC THEOLOGY:<\/b><\/h3>\n<div><b>&nbsp;<\/b><\/div>\n<h3 style=\"font-size: 18px; text-transform: uppercase; font-weight: normal; color: #7c012c; font-family: 'PT Sans', sans-serif;\"><b>FACULTY OF ARTS:<\/b><\/h3>\n<ol style=\"color: #454545; font-family: 'PT Sans', sans-serif; font-size: 16px;\">\n<li><span style=\"color: #2d3748; font-family: -apple-system, BlinkMacSystemFont, 'Segoe UI', Roboto, Oxygen-Sans, Ubuntu, Cantarell, 'Helvetica Neue', sans-serif, 'Apple Color Emoji', 'Segoe UI Emoji', 'Segoe UI Symbol'; font-size: 17px;\">Urte Talalaite<\/span><\/li>\n<li><span style=\"color: #2d3748; font-family: -apple-system, BlinkMacSystemFont, 'Segoe UI', Roboto, Oxygen-Sans, Ubuntu, Cantarell, 'Helvetica Neue', sans-serif, 'Apple Color Emoji', 'Segoe UI Emoji', 'Segoe UI Symbol'; font-size: 17px;\">Grasil\u0117 Marija Vrubliauskait\u0117<\/span><\/li>\n<li><span style=\"color: #2d3748; font-family: -apple-system, BlinkMacSystemFont, 'Segoe UI', Roboto, Oxygen-Sans, Ubuntu, Cantarell, 'Helvetica Neue', sans-serif, 'Apple Color Emoji', 'Segoe UI Emoji', 'Segoe UI Symbol'; font-size: 17px;\">Orinta Le\u0161kevi\u010di\u016bt\u0117<\/span><\/li>\n<li><span style=\"color: #2d3748; font-family: -apple-system, BlinkMacSystemFont, 'Segoe UI', Roboto, Oxygen-Sans, Ubuntu, Cantarell, 'Helvetica Neue', sans-serif, 'Apple Color Emoji', 'Segoe UI Emoji', 'Segoe UI Symbol'; font-size: 17px;\">Lukas Aleksandravicius<\/span><\/li>\n<li><span style=\"color: #2d3748; font-family: -apple-system, BlinkMacSystemFont, 'Segoe UI', Roboto, Oxygen-Sans, Ubuntu, Cantarell, 'Helvetica Neue', sans-serif, 'Apple Color Emoji', 'Segoe UI Emoji', 'Segoe UI Symbol'; font-size: 17px;\">Karolina Budavaite<\/span><\/li>\n<li><span style=\"color: #2d3748; font-family: -apple-system, BlinkMacSystemFont, 'Segoe UI', Roboto, Oxygen-Sans, Ubuntu, Cantarell, 'Helvetica Neue', sans-serif, 'Apple Color Emoji', 'Segoe UI Emoji', 'Segoe UI Symbol'; font-size: 17px;\">Zydre \u017daranskaite<\/span><\/li>\n<\/ol>\n<h3 style=\"font-size: 18px; text-transform: uppercase; font-weight: normal; color: #7c012c; font-family: 'PT Sans', sans-serif;\"><b>MUSIC ACADEMY:<\/b><\/h3>\n<h3 style=\"font-size: 18px; text-transform: uppercase; font-weight: normal; color: #7c012c; font-family: 'PT Sans', sans-serif;\"><span style=\"color: #454545; font-size: 16px;\">&nbsp;<\/span><\/h3>\n<h3 style=\"font-size: 18px; text-transform: uppercase; font-weight: normal; color: #7c012c; font-family: 'PT Sans', sans-serif;\"><b>FACULTY OF SOCIAL SCIENCES:<\/b><\/h3>\n<ol style=\"color: #454545; font-family: 'PT Sans', sans-serif; font-size: 16px;\">\n<li><span style=\"color: #2d3748; font-family: -apple-system, BlinkMacSystemFont, 'Segoe UI', Roboto, Oxygen-Sans, Ubuntu, Cantarell, 'Helvetica Neue', sans-serif, 'Apple Color Emoji', 'Segoe UI Emoji', 'Segoe UI Symbol'; font-size: 17px;\">Milita Au\u0161rine Norva\u0161aite<\/span><\/li>\n<li><span style=\"color: #2d3748; font-family: -apple-system, BlinkMacSystemFont, 'Segoe UI', Roboto, Oxygen-Sans, Ubuntu, Cantarell, 'Helvetica Neue', sans-serif, 'Apple Color Emoji', 'Segoe UI Emoji', 'Segoe UI Symbol'; font-size: 17px;\">Agn\u0117 Kalinkait\u0117<\/span><\/li>\n<li><span style=\"color: #2d3748; font-family: -apple-system, BlinkMacSystemFont, 'Segoe UI', Roboto, Oxygen-Sans, Ubuntu, Cantarell, 'Helvetica Neue', sans-serif, 'Apple Color Emoji', 'Segoe UI Emoji', 'Segoe UI Symbol'; font-size: 17px;\">Marta Muizyt\u0117<\/span><\/li>\n<li><span style=\"color: #2d3748; font-family: -apple-system, BlinkMacSystemFont, 'Segoe UI', Roboto, Oxygen-Sans, Ubuntu, Cantarell, 'Helvetica Neue', sans-serif, 'Apple Color Emoji', 'Segoe UI Emoji', 'Segoe UI Symbol'; font-size: 17px;\">Austeja Eitute<\/span><\/li>\n<li><span style=\"color: #2d3748; font-family: -apple-system, BlinkMacSystemFont, 'Segoe UI', Roboto, Oxygen-Sans, Ubuntu, Cantarell, 'Helvetica Neue', sans-serif, 'Apple Color Emoji', 'Segoe UI Emoji', 'Segoe UI Symbol'; font-size: 17px;\">Arnas Talocka<\/span><\/li>\n<\/ol>\n<h3 style=\"font-size: 18px; text-transform: uppercase; font-weight: normal; color: #7c012c; font-family: 'PT Sans', sans-serif;\"><b>FACULTY OF POLITICAL SCIENCES AND DIPLOMACY:<\/b><\/h3>\n<ol style=\"color: #454545; font-family: 'PT Sans', sans-serif; font-size: 16px;\">\n<li><span style=\"color: #2d3748; font-family: -apple-system, BlinkMacSystemFont, 'Segoe UI', Roboto, Oxygen-Sans, Ubuntu, Cantarell, 'Helvetica Neue', sans-serif, 'Apple Color Emoji', 'Segoe UI Emoji', 'Segoe UI Symbol'; font-size: 17px;\">Lukas Baltrushaitis<\/span><\/li>\n<li><span style=\"color: #2d3748; font-family: -apple-system, BlinkMacSystemFont, 'Segoe UI', Roboto, Oxygen-Sans, Ubuntu, Cantarell, 'Helvetica Neue', sans-serif, 'Apple Color Emoji', 'Segoe UI Emoji', 'Segoe UI Symbol'; font-size: 17px;\">Austeja Abromaityte<\/span><\/li>\n<li><span style=\"color: #2d3748; font-family: -apple-system, BlinkMacSystemFont, 'Segoe UI', Roboto, Oxygen-Sans, Ubuntu, Cantarell, 'Helvetica Neue', sans-serif, 'Apple Color Emoji', 'Segoe UI Emoji', 'Segoe UI Symbol'; font-size: 17px;\">Morning Skindzera<\/span><\/li>\n<li><span style=\"color: #2d3748; font-family: -apple-system, BlinkMacSystemFont, 'Segoe UI', Roboto, Oxygen-Sans, Ubuntu, Cantarell, 'Helvetica Neue', sans-serif, 'Apple Color Emoji', 'Segoe UI Emoji', 'Segoe UI Symbol'; font-size: 17px;\">Rudolf Astrauskas<\/span><\/li>\n<li><span style=\"color: #2d3748; font-family: -apple-system, BlinkMacSystemFont, 'Segoe UI', Roboto, Oxygen-Sans, Ubuntu, Cantarell, 'Helvetica Neue', sans-serif, 'Apple Color Emoji', 'Segoe UI Emoji', 'Segoe UI Symbol'; font-size: 17px;\">Gerda Pranckute<\/span><\/li>\n<\/ol>\n<h3 style=\"font-size: 18px; text-transform: uppercase; font-weight: normal; color: #7c012c; font-family: 'PT Sans', sans-serif;\"><b>ACADEMY OF EDUCATION:<\/b><\/h3>\n<ol style=\"color: #454545; font-family: 'PT Sans', sans-serif; font-size: 16px;\">\n<li><span style=\"color: #2d3748; font-family: -apple-system, BlinkMacSystemFont, 'Segoe UI', Roboto, Oxygen-Sans, Ubuntu, Cantarell, 'Helvetica Neue', sans-serif, 'Apple Color Emoji', 'Segoe UI Emoji', 'Segoe UI Symbol'; font-size: 17px;\">Aiste Kanchauskaite-Vaitiekune<\/span><\/li>\n<li><span style=\"color: #2d3748; font-family: -apple-system, BlinkMacSystemFont, 'Segoe UI', Roboto, Oxygen-Sans, Ubuntu, Cantarell, 'Helvetica Neue', sans-serif, 'Apple Color Emoji', 'Segoe UI Emoji', 'Segoe UI Symbol'; font-size: 17px;\">Uma Stankevi\u010di\u016bt\u0117<\/span><\/li>\n<li><span style=\"color: #2d3748; font-family: -apple-system, BlinkMacSystemFont, 'Segoe UI', Roboto, Oxygen-Sans, Ubuntu, Cantarell, 'Helvetica Neue', sans-serif, 'Apple Color Emoji', 'Segoe UI Emoji', 'Segoe UI Symbol'; font-size: 17px;\">Gertruda Laurinavi\u010di\u016bt\u0117-Sima\u0161kien\u0117<\/span><\/li>\n<li><span style=\"color: #2d3748; font-family: -apple-system, BlinkMacSystemFont, 'Segoe UI', Roboto, Oxygen-Sans, Ubuntu, Cantarell, 'Helvetica Neue', sans-serif, 'Apple Color Emoji', 'Segoe UI Emoji', 'Segoe UI Symbol'; font-size: 17px;\">Migle Bernotaite<\/span><\/li>\n<li><span style=\"color: #2d3748; font-family: -apple-system, BlinkMacSystemFont, 'Segoe UI', Roboto, Oxygen-Sans, Ubuntu, Cantarell, 'Helvetica Neue', sans-serif, 'Apple Color Emoji', 'Segoe UI Emoji', 'Segoe UI Symbol'; font-size: 17px;\">Gabija \u010cerniauskait\u0117<\/span><\/li>\n<li><span style=\"color: #2d3748; font-family: -apple-system, BlinkMacSystemFont, 'Segoe UI', Roboto, Oxygen-Sans, Ubuntu, Cantarell, 'Helvetica Neue', sans-serif, 'Apple Color Emoji', 'Segoe UI Emoji', 'Segoe UI Symbol'; font-size: 17px;\">Rugile Devisovait\u0117<\/span><\/li>\n<li><span style=\"color: #2d3748; font-family: -apple-system, BlinkMacSystemFont, 'Segoe UI', Roboto, Oxygen-Sans, Ubuntu, Cantarell, 'Helvetica Neue', sans-serif, 'Apple Color Emoji', 'Segoe UI Emoji', 'Segoe UI Symbol'; font-size: 17px;\">Ugn\u0117 Arminait\u0117<\/span><\/li>\n<li><span style=\"color: #2d3748; font-family: -apple-system, BlinkMacSystemFont, 'Segoe UI', Roboto, Oxygen-Sans, Ubuntu, Cantarell, 'Helvetica Neue', sans-serif, 'Apple Color Emoji', 'Segoe UI Emoji', 'Segoe UI Symbol'; font-size: 17px;\">Virginijus Jucius<\/span><\/li>\n<li><span style=\"color: #2d3748; font-family: -apple-system, BlinkMacSystemFont, 'Segoe UI', Roboto, Oxygen-Sans, Ubuntu, Cantarell, 'Helvetica Neue', sans-serif, 'Apple Color Emoji', 'Segoe UI Emoji', 'Segoe UI Symbol'; font-size: 17px;\">Paula Smaidziunaite<\/span><\/li>\n<li><span style=\"color: #2d3748; font-family: -apple-system, BlinkMacSystemFont, 'Segoe UI', Roboto, Oxygen-Sans, Ubuntu, Cantarell, 'Helvetica Neue', sans-serif, 'Apple Color Emoji', 'Segoe UI Emoji', 'Segoe UI Symbol'; font-size: 17px;\">Austeja Gainaite<\/span>&nbsp;<\/li>\n<\/ol>\n<h3 style=\"font-size: 18px; text-transform: uppercase; font-weight: normal; color: #7c012c; font-family: 'PT Sans', sans-serif;\"><b>FACULTY OF LAW:<\/b><\/h3>\n<ol style=\"color: rgb(69, 69, 69); font-family: &quot;PT Sans&quot;, sans-serif; font-size: 16px;\">\n<li><span style=\"color: rgb(45, 55, 72); font-family: -apple-system, BlinkMacSystemFont, &quot;Segoe UI&quot;, Roboto, Oxygen-Sans, Ubuntu, Cantarell, &quot;Helvetica Neue&quot;, sans-serif, &quot;Apple Color Emoji&quot;, &quot;Segoe UI Emoji&quot;, &quot;Segoe UI Symbol&quot;; font-size: 17px;\">Arnas Matekonis<\/span><\/li><li><span style=\"color: rgb(45, 55, 72); font-family: -apple-system, BlinkMacSystemFont, &quot;Segoe UI&quot;, Roboto, Oxygen-Sans, Ubuntu, Cantarell, &quot;Helvetica Neue&quot;, sans-serif, &quot;Apple Color Emoji&quot;, &quot;Segoe UI Emoji&quot;, &quot;Segoe UI Symbol&quot;; font-size: 17px;\">Laimonas Dirgelas<\/span><\/li>\n<\/ol>\n<h3 style=\"font-size: 18px; text-transform: uppercase; font-weight: normal; color: #7c012c; font-family: 'PT Sans', sans-serif;\"><b>ACADEMY OF AGRICULTURE:<\/b><\/h3>\n<ol style=\"color: #454545; font-family: 'PT Sans', sans-serif; font-size: 16px;\">\n<li><span style=\"color: rgb(45, 55, 72); font-family: -apple-system, BlinkMacSystemFont, &quot;Segoe UI&quot;, Roboto, Oxygen-Sans, Ubuntu, Cantarell, &quot;Helvetica Neue&quot;, sans-serif, &quot;Apple Color Emoji&quot;, &quot;Segoe UI Emoji&quot;, &quot;Segoe UI Symbol&quot;; font-size: 17px;\">Emily Zemaitis<\/span><\/li>\n<li><span style=\"color: rgb(45, 55, 72); font-family: -apple-system, BlinkMacSystemFont, &quot;Segoe UI&quot;, Roboto, Oxygen-Sans, Ubuntu, Cantarell, &quot;Helvetica Neue&quot;, sans-serif, &quot;Apple Color Emoji&quot;, &quot;Segoe UI Emoji&quot;, &quot;Segoe UI Symbol&quot;; font-size: 17px;\">Matthew Stasytis<\/span><\/li>\n<li><span style=\"color: rgb(45, 55, 72); font-family: -apple-system, BlinkMacSystemFont, &quot;Segoe UI&quot;, Roboto, Oxygen-Sans, Ubuntu, Cantarell, &quot;Helvetica Neue&quot;, sans-serif, &quot;Apple Color Emoji&quot;, &quot;Segoe UI Emoji&quot;, &quot;Segoe UI Symbol&quot;; font-size: 17px;\">Ieva Zakait\u0117<\/span><\/li>\n<li><span style=\"color: rgb(45, 55, 72); font-family: -apple-system, BlinkMacSystemFont, &quot;Segoe UI&quot;, Roboto, Oxygen-Sans, Ubuntu, Cantarell, &quot;Helvetica Neue&quot;, sans-serif, &quot;Apple Color Emoji&quot;, &quot;Segoe UI Emoji&quot;, &quot;Segoe UI Symbol&quot;; font-size: 17px;\">Emilia Sviderskyt\u0117<\/span><\/li>\n<li><span style=\"color: rgb(45, 55, 72); font-family: -apple-system, BlinkMacSystemFont, &quot;Segoe UI&quot;, Roboto, Oxygen-Sans, Ubuntu, Cantarell, &quot;Helvetica Neue&quot;, sans-serif, &quot;Apple Color Emoji&quot;, &quot;Segoe UI Emoji&quot;, &quot;Segoe UI Symbol&quot;; font-size: 17px;\">Vytis Puidokas<\/span><\/li>\n<li><span style=\"color: rgb(45, 55, 72); font-family: -apple-system, BlinkMacSystemFont, &quot;Segoe UI&quot;, Roboto, Oxygen-Sans, Ubuntu, Cantarell, &quot;Helvetica Neue&quot;, sans-serif, &quot;Apple Color Emoji&quot;, &quot;Segoe UI Emoji&quot;, &quot;Segoe UI Symbol&quot;; font-size: 17px;\">Sabrina Tamasauskait\u0117<\/span><\/li>\n<li><span style=\"color: rgb(45, 55, 72); font-family: -apple-system, BlinkMacSystemFont, &quot;Segoe UI&quot;, Roboto, Oxygen-Sans, Ubuntu, Cantarell, &quot;Helvetica Neue&quot;, sans-serif, &quot;Apple Color Emoji&quot;, &quot;Segoe UI Emoji&quot;, &quot;Segoe UI Symbol&quot;; font-size: 17px;\">Austeja Mascinskait\u0117<\/span><\/li>\n<\/ol>\n<h3 style=\"font-size: 18px; text-transform: uppercase; font-weight: normal; color: #7c012c; font-family: 'PT Sans', sans-serif;\"><b>DOCTORAL STUDENTS:<\/b><\/h3>\n<ol style=\"color: #454545; font-family: 'PT Sans', sans-serif; font-size: 16px;\">\n<li><span style=\"color: rgb(45, 55, 72); font-family: -apple-system, BlinkMacSystemFont, &quot;Segoe UI&quot;, Roboto, Oxygen-Sans, Ubuntu, Cantarell, &quot;Helvetica Neue&quot;, sans-serif, &quot;Apple Color Emoji&quot;, &quot;Segoe UI Emoji&quot;, &quot;Segoe UI Symbol&quot;; font-size: 17px;\">Emily Jankaityte<\/span>&nbsp;<\/li>\n<\/ol>\t\t\t\t\t\t\t\t<\/div>\n\t\t\t\t<\/div>\n\t\t\t\t\t<\/div>\n\t\t<\/div>\n\t\t\t\t<div class=\"elementor-column elementor-col-33 elementor-top-column elementor-element elementor-element-281520b0\" data-id=\"281520b0\" data-element_type=\"column\" data-e-type=\"column\">\n\t\t\t<div class=\"elementor-widget-wrap elementor-element-populated\">\n\t\t\t\t\t\t<div class=\"elementor-element elementor-element-781f4b00 elementor-widget elementor-widget-sidebar\" data-id=\"781f4b00\" data-element_type=\"widget\" data-e-type=\"widget\" data-widget_type=\"sidebar.default\">\n\t\t\t\t<div class=\"elementor-widget-container\">\n\t\t\t\t\t<section id=\"block-4\" class=\"widget widget_block\">\n<div class=\"wp-block-group has-theme-palette-3-color has-text-color has-small-font-size\" style=\"padding-top:0;padding-right:0;padding-bottom:0;padding-left:0\"><div class=\"wp-block-group__inner-container is-layout-flow wp-block-group-is-layout-flow\"><\/div><\/div>\n<\/section>\t\t\t\t<\/div>\n\t\t\t\t<\/div>\n\t\t\t\t\t<\/div>\n\t\t<\/div>\n\t\t\t\t\t<\/div>\n\t\t<\/section>\n\t\t\t\t<section class=\"elementor-section elementor-top-section elementor-element elementor-element-4e6cf426 elementor-section-boxed elementor-section-height-default elementor-section-height-default\" data-id=\"4e6cf426\" data-element_type=\"section\" data-e-type=\"section\">\n\t\t\t\t\t\t<div class=\"elementor-container elementor-column-gap-default\">\n\t\t\t\t\t<div class=\"elementor-column elementor-col-100 elementor-top-column elementor-element elementor-element-7f087cca\" data-id=\"7f087cca\" data-element_type=\"column\" data-e-type=\"column\">\n\t\t\t<div class=\"elementor-widget-wrap elementor-element-populated\">\n\t\t\t\t\t\t<div class=\"elementor-element elementor-element-4922e4e1 elementor-widget elementor-widget-spacer\" data-id=\"4922e4e1\" data-element_type=\"widget\" data-e-type=\"widget\" data-widget_type=\"spacer.default\">\n\t\t\t\t<div class=\"elementor-widget-container\">\n\t\t\t\t\t\t\t<div class=\"elementor-spacer\">\n\t\t\t<div class=\"elementor-spacer-inner\"><\/div>\n\t\t<\/div>\n\t\t\t\t\t\t<\/div>\n\t\t\t\t<\/div>\n\t\t\t\t\t<\/div>\n\t\t<\/div>\n\t\t\t\t\t<\/div>\n\t\t<\/section>\n\t\t\t\t<\/div>","protected":false},"excerpt":{"rendered":"<p>Student Parliament FACULTY OF ECONOMICS AND MANAGEMENT: Kostas Gedrimas Erika Rudakait\u0117 Pavlo Zabrodotskyi FACULTY OF NATURAL SCIENCES: Martyna Buklyt\u0117 Arminas Girlevi\u010dius FACULTY OF HUMANITIES: Dovydas Gu\u017eys Tomas Kizevi\u010dius Rugil\u0117 Binisevi\u010di\u016bt\u0117 Goda Kazlauskait\u0117 Augustas Augonis Beatri\u010d\u0117 \u0160utait\u0117 Gabriel\u0117 Jan\u010diauskait\u0117 FACULTY OF INFORMATICS: FACULTY OF CATHOLIC THEOLOGY: FACULTY OF ARTS: Urt\u0117 Talalait\u0117 Grasil\u0117 Marija Vrubliauskait\u0117 Orinta Le\u0161kevi\u010di\u016bt\u0117 Lukas Aleksandravi\u010dius Karolina\u2026<\/p>","protected":false},"author":2,"featured_media":0,"parent":0,"menu_order":0,"comment_status":"closed","ping_status":"closed","template":"elementor_header_footer","meta":{"_acf_changed":false,"_kad_post_transparent":"","_kad_post_title":"hide","_kad_post_layout":"fullwidth","_kad_post_sidebar_id":"","_kad_post_content_style":"unboxed","_kad_post_vertical_padding":"hide","_kad_post_feature":"hide","_kad_post_feature_position":"","_kad_post_header":false,"_kad_post_footer":false,"_kad_post_classname":"","footnotes":""},"class_list":["post-478","page","type-page","status-publish","hentry"],"acf":[],"_links":{"self":[{"href":"https:\/\/vdusa.lt\/en\/wp-json\/wp\/v2\/pages\/478","targetHints":{"allow":["GET"]}}],"collection":[{"href":"https:\/\/vdusa.lt\/en\/wp-json\/wp\/v2\/pages"}],"about":[{"href":"https:\/\/vdusa.lt\/en\/wp-json\/wp\/v2\/types\/page"}],"author":[{"embeddable":true,"href":"https:\/\/vdusa.lt\/en\/wp-json\/wp\/v2\/users\/2"}],"replies":[{"embeddable":true,"href":"https:\/\/vdusa.lt\/en\/wp-json\/wp\/v2\/comments?post=478"}],"version-history":[{"count":28,"href":"https:\/\/vdusa.lt\/en\/wp-json\/wp\/v2\/pages\/478\/revisions"}],"predecessor-version":[{"id":11727,"href":"https:\/\/vdusa.lt\/en\/wp-json\/wp\/v2\/pages\/478\/revisions\/11727"}],"wp:attachment":[{"href":"https:\/\/vdusa.lt\/en\/wp-json\/wp\/v2\/media?parent=478"}],"curies":[{"name":"wp","href":"https:\/\/api.w.org\/{rel}","templated":true}]}}