{"id":297,"date":"2023-08-04T21:28:58","date_gmt":"2023-08-04T21:28:58","guid":{"rendered":"https:\/\/vdusa.lt\/?page_id=297"},"modified":"2026-03-09T17:44:33","modified_gmt":"2026-03-09T17:44:33","slug":"prezidentas","status":"publish","type":"page","link":"https:\/\/vdusa.lt\/en\/prezidentas\/","title":{"rendered":"President"},"content":{"rendered":"<div data-elementor-type=\"wp-page\" data-elementor-id=\"297\" class=\"elementor elementor-297\">\n\t\t\t\t\t\t<section class=\"elementor-section elementor-top-section elementor-element elementor-element-4daaf9b elementor-section-full_width elementor-section-stretched elementor-section-height-default elementor-section-height-default\" data-id=\"4daaf9b\" data-element_type=\"section\" data-e-type=\"section\" data-settings=\"{&quot;stretch_section&quot;:&quot;section-stretched&quot;}\">\n\t\t\t\t\t\t<div class=\"elementor-container elementor-column-gap-no\">\n\t\t\t\t\t<div class=\"elementor-column elementor-col-100 elementor-top-column elementor-element elementor-element-852404c\" data-id=\"852404c\" data-element_type=\"column\" data-e-type=\"column\">\n\t\t\t<div class=\"elementor-widget-wrap elementor-element-populated\">\n\t\t\t\t\t\t<div class=\"elementor-element elementor-element-81fb269 elementor-widget elementor-widget-shortcode\" data-id=\"81fb269\" data-element_type=\"widget\" data-e-type=\"widget\" data-widget_type=\"shortcode.default\">\n\t\t\t\t<div class=\"elementor-widget-container\">\n\t\t\t\t\t\t\t<div class=\"elementor-shortcode\"><\/div>\n\t\t\t\t\t\t<\/div>\n\t\t\t\t<\/div>\n\t\t\t\t<div class=\"elementor-element elementor-element-3bc90c7 elementor-widget elementor-widget-spacer\" data-id=\"3bc90c7\" data-element_type=\"widget\" data-e-type=\"widget\" data-widget_type=\"spacer.default\">\n\t\t\t\t<div class=\"elementor-widget-container\">\n\t\t\t\t\t\t\t<div class=\"elementor-spacer\">\n\t\t\t<div class=\"elementor-spacer-inner\"><\/div>\n\t\t<\/div>\n\t\t\t\t\t\t<\/div>\n\t\t\t\t<\/div>\n\t\t\t\t\t<\/div>\n\t\t<\/div>\n\t\t\t\t\t<\/div>\n\t\t<\/section>\n\t\t\t\t<section class=\"elementor-section elementor-top-section elementor-element elementor-element-2fc0f646 elementor-section-boxed elementor-section-height-default elementor-section-height-default\" data-id=\"2fc0f646\" data-element_type=\"section\" data-e-type=\"section\">\n\t\t\t\t\t\t<div class=\"elementor-container elementor-column-gap-default\">\n\t\t\t\t\t<div class=\"elementor-column elementor-col-66 elementor-top-column elementor-element elementor-element-11b83d65\" data-id=\"11b83d65\" data-element_type=\"column\" data-e-type=\"column\">\n\t\t\t<div class=\"elementor-widget-wrap elementor-element-populated\">\n\t\t\t\t\t\t<div class=\"elementor-element elementor-element-c82835c elementor-widget elementor-widget-heading\" data-id=\"c82835c\" data-element_type=\"widget\" data-e-type=\"widget\" data-widget_type=\"heading.default\">\n\t\t\t\t<div class=\"elementor-widget-container\">\n\t\t\t\t\t<h2 class=\"elementor-heading-title elementor-size-default\">President<\/h2>\t\t\t\t<\/div>\n\t\t\t\t<\/div>\n\t\t\t\t<div class=\"elementor-element elementor-element-c36464e elementor-widget elementor-widget-text-editor\" data-id=\"c36464e\" data-element_type=\"widget\" data-e-type=\"widget\" data-widget_type=\"text-editor.default\">\n\t\t\t\t<div class=\"elementor-widget-container\">\n\t\t\t\t\t\t\t\t\t<p>The President of the Vytautas Magnus University Student Representative Council (VMU SA) is the head of the representative council, who is responsible for what happens in the representative council and beyond. This is the person who represents the VMU Student Representative Council not only at the university, but throughout Lithuania. The President of the VMU Student Representative Council is elected by the VMU Student Parliament for a one-year term.<\/p><p>The President of the VMU Student Representation represents all university students in the following governing bodies:<\/p><ul><li><span style=\"font-family: var( --e-global-typography-text-font-family ), Sans-serif; font-weight: var( --e-global-typography-text-font-weight );\">University Rectorate;<\/span><\/li><li><span style=\"font-family: var( --e-global-typography-text-font-family ), Sans-serif; font-weight: var( --e-global-typography-text-font-weight );\">in the VMU Council;<\/span><\/li><li><span style=\"font-family: var( --e-global-typography-text-font-family ), Sans-serif; font-weight: var( --e-global-typography-text-font-weight );\">VMU Senate;<\/span><\/li><li><span style=\"font-family: var( --e-global-typography-text-font-family ), Sans-serif; font-weight: var( --e-global-typography-text-font-weight );\">in the Council of the Lithuanian Students&#039; Union;<\/span><\/li><li><span style=\"font-family: var( --e-global-typography-text-font-family ), Sans-serif; font-weight: var( --e-global-typography-text-font-weight );\">VMU Ethics and Disputes Commission;<\/span><\/li><li><span style=\"font-family: var( --e-global-typography-text-font-family ), Sans-serif; font-weight: var( --e-global-typography-text-font-weight );\">In the most diverse working groups that directly or indirectly connect with students.<\/span><\/li><\/ul><p><span style=\"font-family: var( --e-global-typography-text-font-family ), Sans-serif; font-weight: var( --e-global-typography-text-font-weight );\">After the president of the VMU Student Representation is elected at the conference, he swears to work honestly and diligently in the presence of the rector, vice-rectors, teachers and students, signs an oath and is presented with the regalia of the president.<\/span><\/p><p><strong>\u0160iuo metu VDU Student\u0173 atstovyb\u0117s prezident\u0117 yra I kurso VDU Ekonomikos ir vadybos fakulteto Strateginio organizacij\u0173 valdymo studij\u0173 programos student\u0117 Vitalija Jakubaityt\u0117.<\/strong><\/p><p>The following persons have served as the president of VDU SA:<\/p><ul><li>1994-1995 - Mindaugas Danys<\/li><li>1995-1996 - Egidijus Buika<\/li><li>1996-1997 - Kastytis Federavi\u010dius<\/li><li>1997-1998 - Valdas Rup\u0161ys<\/li><li>1998-1999 - Paulius Luk\u0161evi\u010dius<\/li><li>1999-2000 - Donatas N\u0117nius<\/li><li>2000-2001 - Mindaugas Valinevi\u010dius<\/li><li>2001-2002 - Ar\u016bnas Malinovskis<\/li><li>2002-2003 - Tadas Martusevi\u010dius<\/li><li>2003-2004 - Jonas Okunis<\/li><li>2004-2005 - Tomas Niurka<\/li><li>2005-2008 - Mantas Simanavi\u010dius<\/li><li>2008-2009 - Ma\u017evydas Karalius<\/li><li>2009-2011 - Donatas Juodpusis<\/li><li>2011-2013 - Paulius Baltokas<\/li><li>2013-2015 - Justinas Petkus<\/li><li>2015-2016 - Mindaugas Grigas<\/li><li>2016-2017 - Eigirdas Sarkanas<\/li><li>2017-2019 - Greta \u0160mai\u017eyt\u0117<\/li><li>2019-2021 - Paulius Vaitiekus<\/li><li>2021-2023 - Ieva Vengrovskaja<\/li><li>2023-2025 \u2013 Emilija Drabu\u017einskait\u0117<\/li><li>2025 &#8211; 2026 m.\u00a0 \u2013 Vitalija Jakubaityt\u0117<\/li><li>2026 \u2013 dabar \u2013 Solvita Ausiukaityt\u0117<\/li><\/ul><p><!-- \/wp:paragraph --><\/p>\t\t\t\t\t\t\t\t<\/div>\n\t\t\t\t<\/div>\n\t\t\t\t\t<\/div>\n\t\t<\/div>\n\t\t\t\t<div class=\"elementor-column elementor-col-33 elementor-top-column elementor-element elementor-element-37fcf9cc\" data-id=\"37fcf9cc\" data-element_type=\"column\" data-e-type=\"column\">\n\t\t\t<div class=\"elementor-widget-wrap elementor-element-populated\">\n\t\t\t\t\t\t<div class=\"elementor-element elementor-element-70d13abe elementor-widget elementor-widget-sidebar\" data-id=\"70d13abe\" data-element_type=\"widget\" data-e-type=\"widget\" data-widget_type=\"sidebar.default\">\n\t\t\t\t<div class=\"elementor-widget-container\">\n\t\t\t\t\t<section id=\"block-4\" class=\"widget widget_block\">\n<div class=\"wp-block-group has-theme-palette-3-color has-text-color has-small-font-size\" style=\"padding-top:0;padding-right:0;padding-bottom:0;padding-left:0\"><div class=\"wp-block-group__inner-container is-layout-flow wp-block-group-is-layout-flow\"><\/div><\/div>\n<\/section>\t\t\t\t<\/div>\n\t\t\t\t<\/div>\n\t\t\t\t\t<\/div>\n\t\t<\/div>\n\t\t\t\t\t<\/div>\n\t\t<\/section>\n\t\t\t\t<section class=\"elementor-section elementor-top-section elementor-element elementor-element-77cb1473 elementor-section-boxed elementor-section-height-default elementor-section-height-default\" data-id=\"77cb1473\" data-element_type=\"section\" data-e-type=\"section\">\n\t\t\t\t\t\t<div class=\"elementor-container elementor-column-gap-default\">\n\t\t\t\t\t<div class=\"elementor-column elementor-col-100 elementor-top-column elementor-element elementor-element-35b4511b\" data-id=\"35b4511b\" data-element_type=\"column\" data-e-type=\"column\">\n\t\t\t<div class=\"elementor-widget-wrap elementor-element-populated\">\n\t\t\t\t\t\t<div class=\"elementor-element elementor-element-3dc84360 elementor-widget elementor-widget-spacer\" data-id=\"3dc84360\" data-element_type=\"widget\" data-e-type=\"widget\" data-widget_type=\"spacer.default\">\n\t\t\t\t<div class=\"elementor-widget-container\">\n\t\t\t\t\t\t\t<div class=\"elementor-spacer\">\n\t\t\t<div class=\"elementor-spacer-inner\"><\/div>\n\t\t<\/div>\n\t\t\t\t\t\t<\/div>\n\t\t\t\t<\/div>\n\t\t\t\t\t<\/div>\n\t\t<\/div>\n\t\t\t\t\t<\/div>\n\t\t<\/section>\n\t\t\t\t<\/div>","protected":false},"excerpt":{"rendered":"<p>President The President of the Vytautas Magnus University Student Representative Council (VMU SA) is the head of the representative body, who is responsible for what happens in the representative body and beyond. This is the person who represents the VMU Student Representative Body not only at the university, but throughout Lithuania. The President of the VMU Student Representative Body is elected by the VMU Student Parliament for a one-year term. The President of the VMU Student Representative Body represents all university\u2026<\/p>","protected":false},"author":2,"featured_media":0,"parent":0,"menu_order":0,"comment_status":"closed","ping_status":"closed","template":"elementor_header_footer","meta":{"_acf_changed":false,"_kad_post_transparent":"","_kad_post_title":"","_kad_post_layout":"","_kad_post_sidebar_id":"","_kad_post_content_style":"","_kad_post_vertical_padding":"","_kad_post_feature":"","_kad_post_feature_position":"","_kad_post_header":false,"_kad_post_footer":false,"_kad_post_classname":"","footnotes":""},"class_list":["post-297","page","type-page","status-publish","hentry"],"acf":[],"_links":{"self":[{"href":"https:\/\/vdusa.lt\/en\/wp-json\/wp\/v2\/pages\/297","targetHints":{"allow":["GET"]}}],"collection":[{"href":"https:\/\/vdusa.lt\/en\/wp-json\/wp\/v2\/pages"}],"about":[{"href":"https:\/\/vdusa.lt\/en\/wp-json\/wp\/v2\/types\/page"}],"author":[{"embeddable":true,"href":"https:\/\/vdusa.lt\/en\/wp-json\/wp\/v2\/users\/2"}],"replies":[{"embeddable":true,"href":"https:\/\/vdusa.lt\/en\/wp-json\/wp\/v2\/comments?post=297"}],"version-history":[{"count":28,"href":"https:\/\/vdusa.lt\/en\/wp-json\/wp\/v2\/pages\/297\/revisions"}],"predecessor-version":[{"id":12265,"href":"https:\/\/vdusa.lt\/en\/wp-json\/wp\/v2\/pages\/297\/revisions\/12265"}],"wp:attachment":[{"href":"https:\/\/vdusa.lt\/en\/wp-json\/wp\/v2\/media?parent=297"}],"curies":[{"name":"wp","href":"https:\/\/api.w.org\/{rel}","templated":true}]}}